{"id":2296,"date":"2025-07-29T15:25:51","date_gmt":"2025-07-29T13:25:51","guid":{"rendered":"https:\/\/thelanguagegrid.com\/?page_id=2296"},"modified":"2025-07-29T15:46:19","modified_gmt":"2025-07-29T13:46:19","slug":"servizi-2","status":"publish","type":"page","link":"https:\/\/thelanguagegrid.com\/it\/servizi-2\/","title":{"rendered":"Servizi"},"content":{"rendered":"<p>[vc_section][vc_row full_width=&#8221;stretch_row_content_no_spaces&#8221;][vc_column][tlg_page_card title=&#8221;Il nostro approccio \u00e8 efficace&#8221; img=&#8221;922&#8243;]<\/p>\n<p style=\"font-weight: 400;\"><strong>Per comunicare efficacemente nel contesto business internazionale, ci\u00f2 che conta davvero non \u00e8 la perfezione della grammatica o del vocabolario, ma la chiarezza, l&#8217;autorevolezza e la capacit\u00e0 di trasmettere il messaggio giusto.\u00a0 <\/strong><\/p>\n<p style=\"font-weight: 400;\">Non ci concentriamo sulle coniugazioni dei verbi, come fa la maggior parte delle scuole d&#8217;inglese, ma sulle competenze necessarie per comunicare con assertivit\u00e0 e efficacia per il tuo lavoro.<\/p>\n<p style=\"font-weight: 400;\">Usiamo un approccio all&#8217;insegnamento completamente diverso e basato sulla scienza, progettato specificamente per ottenere risultati e rivolto ai professionisti e imprenditori che hanno studiato l&#8217;inglese per anni ma che non sono ancora soddisfatti di come si esprimono in riunione.<\/p>\n<p>[\/tlg_page_card][\/vc_column][\/vc_row][vc_row equal_height=&#8221;yes&#8221;][vc_column width=&#8221;1\/3&#8243; el_class=&#8221;card-box&#8221; css=&#8221;.vc_custom_1752587964038{padding-right: 10px !important;}&#8221;][vc_custom_heading text=&#8221;Formazione e coaching per l&#8217;inglese&#8221;][vc_column_text css=&#8221;&#8221; el_class=&#8221;card-font&#8221;]<\/p>\n<div style=\"font-size: 17px;\">\n<div><span lang=\"IT\">I nostri programmi di Business English sono personalizzati in base alle sfide e agli obiettivi da raggiungere e consentono di fare rapidi progressi per potersi esprimere in modo sicuro e autorevole. Vieni a scoprire le sessioni 1:1 con coach di grande esperienza. <\/span><\/div>\n<\/div>\n<p>[\/vc_column_text][vc_column_text css=&#8221;&#8221;]<a class=\"custom-card-btn\" href=\"https:\/\/thelanguagegrid.com\/formazione-e-coaching-guidati-da-esperti\/\">Scopri di pi\u00f9<\/a>[\/vc_column_text][\/vc_column][vc_column width=&#8221;1\/3&#8243; el_class=&#8221;card-box&#8221; css=&#8221;.vc_custom_1752587942043{padding-right: 10px !important;}&#8221;][vc_custom_heading text=&#8221;Tool di valutazione linguistica&#8221;][vc_column_text css=&#8221;&#8221; el_class=&#8221;card-font&#8221;]<\/p>\n<div style=\"font-size: 17px;\"><span style=\"font-weight: 400;\">I nostri tool proprietari per la valutazione misurano la vera efficienza comunicativa, non la grammatica da manuale. Riescono a identificare punti di forza e margini di miglioramento rilevanti per la tua comunicazione professionale.<\/span><\/div>\n<p>[\/vc_column_text][vc_column_text css=&#8221;&#8221;]<a class=\"custom-card-btn\" href=\"https:\/\/thelanguagegrid.com\/language-assessment\/\">Scopri di pi\u00f9<\/a>[\/vc_column_text][\/vc_column][vc_column width=&#8221;1\/3&#8243; el_class=&#8221;card-box&#8221; css=&#8221;.vc_custom_1752588086200{border-right-width: 10px !important;padding-top: 0px !important;}&#8221;][vc_custom_heading text=&#8221;Consulenza&#8221;][vc_column_text css=&#8221;&#8221; el_class=&#8221;card-font&#8221;]<\/p>\n<div style=\"font-size: 17px;\">\n<div><span lang=\"IT\">Scopri partnership strategiche per definire e implementare i programmi di formazione in inglese allineati alle priorit\u00e0 aziendali della tua organizzazione e ai requisiti di performance dei dirigenti.<\/span><\/div>\n<\/div>\n<p>[\/vc_column_text][vc_column_text css=&#8221;&#8221;]<a class=\"custom-card-btn\" href=\"https:\/\/thelanguagegrid.com\/consulenza-strategica-per-la-formazione\/\">Scopri di pi\u00f9<\/a>[\/vc_column_text][\/vc_column][\/vc_row][vc_row][vc_column][vc_custom_heading text=&#8221;Al fianco degli imprenditori e dei professionisti italiani&#8221;][vc_column_text css=&#8221;&#8221;]<\/p>\n<p style=\"font-weight: 400;\">Dalle multinazionali alle imprese italiane di punta, collaboriamo con aziende che operano in diversi settori: dal bancario e biomedico al software e servizi finanziari.<\/p>\n<p>[\/vc_column_text][vc_column_text css=&#8221;&#8221;]<\/p>\n<div class=\"logo-carousel\">\n<div class=\"logo-track\"><a href=\"#\"><img decoding=\"async\" src=\"https:\/\/thelanguagegrid.com\/wp-content\/uploads\/2025\/07\/a2a.png\" alt=\"a2a\" \/><\/a><br \/>\n<a href=\"#\"><img decoding=\"async\" src=\"https:\/\/thelanguagegrid.com\/wp-content\/uploads\/2025\/07\/kpmg.png\" alt=\"KPMG\" \/><\/a><br \/>\n<a href=\"#\"><img decoding=\"async\" src=\"https:\/\/thelanguagegrid.com\/wp-content\/uploads\/2025\/07\/deloitte.png\" alt=\"DELOITTE\" \/><\/a><br \/>\n<a href=\"#\"><img decoding=\"async\" src=\"https:\/\/thelanguagegrid.com\/wp-content\/uploads\/2025\/07\/arec.png\" alt=\"Arec\" \/><\/a><br \/>\n<a href=\"#\"><img decoding=\"async\" src=\"https:\/\/thelanguagegrid.com\/wp-content\/uploads\/2025\/07\/nebulab.png\" alt=\"Nebulab\" \/><\/a><br \/>\n<a href=\"#\"><img decoding=\"async\" src=\"https:\/\/thelanguagegrid.com\/wp-content\/uploads\/2025\/07\/generali.png\" alt=\"Generali\" \/><\/a><br \/>\n<a href=\"#\"><img decoding=\"async\" src=\"https:\/\/thelanguagegrid.com\/wp-content\/uploads\/2025\/07\/GFT.png\" alt=\"GFT\" \/><\/a><br \/>\n<a href=\"#\"><img decoding=\"async\" src=\"https:\/\/thelanguagegrid.com\/wp-content\/uploads\/2025\/07\/Ideatech.png\" alt=\"Ideatech\" \/><\/a><br \/>\n<a href=\"#\"><img decoding=\"async\" src=\"https:\/\/thelanguagegrid.com\/wp-content\/uploads\/2025\/07\/ICento.png\" alt=\"ICento\" \/><\/a><br \/>\n<a href=\"#\"><img decoding=\"async\" src=\"https:\/\/thelanguagegrid.com\/wp-content\/uploads\/2025\/07\/JOBCODE.png\" alt=\"Jobcode\" \/><\/a><br \/>\n<a href=\"#\"><img decoding=\"async\" src=\"https:\/\/thelanguagegrid.com\/wp-content\/uploads\/2025\/07\/banca-ifis.png\" alt=\"Banca Ifis\" \/><\/a><br \/>\n<a href=\"#\"><img decoding=\"async\" src=\"https:\/\/thelanguagegrid.com\/wp-content\/uploads\/2025\/07\/arche.png\" alt=\"Arch\u00e8\" \/><\/a><br \/>\n<a href=\"#\"><img decoding=\"async\" src=\"https:\/\/thelanguagegrid.com\/wp-content\/uploads\/2025\/07\/cale.png\" alt=\"Cal\u00e8\" \/><\/a><br \/>\n<a href=\"#\"><img decoding=\"async\" src=\"https:\/\/thelanguagegrid.com\/wp-content\/uploads\/2025\/07\/f2isgr.png\" alt=\"Fondi italiani per le infrastrutture\" \/><\/a><br \/>\n<a href=\"#\"><img decoding=\"async\" src=\"https:\/\/thelanguagegrid.com\/wp-content\/uploads\/2025\/07\/Ferrovie_dello_Stato_Italiane.png\" alt=\"Ferrovie dello Stato Italiane\" \/><\/a><br \/>\n<a href=\"#\"><img decoding=\"async\" src=\"https:\/\/thelanguagegrid.com\/wp-content\/uploads\/2025\/07\/illimity.png\" alt=\"Illimity\" \/><\/a><br \/>\n<a href=\"#\"><img decoding=\"async\" src=\"https:\/\/thelanguagegrid.com\/wp-content\/uploads\/2025\/07\/systematica.png\" alt=\"Systematica\" \/><\/a><br \/>\n<a href=\"#\"><img decoding=\"async\" src=\"https:\/\/thelanguagegrid.com\/wp-content\/uploads\/2025\/07\/Agos.png\" alt=\"Agos\" \/><\/a><br \/>\n<a href=\"#\"><img decoding=\"async\" src=\"https:\/\/thelanguagegrid.com\/wp-content\/uploads\/2025\/07\/Milan_Airports.png\" alt=\"Milan Airports\" \/><\/a><br \/>\n<a href=\"#\"><img decoding=\"async\" src=\"https:\/\/thelanguagegrid.com\/wp-content\/uploads\/2025\/07\/NEOPERL.png\" alt=\"Neoperl\" \/><\/a><br \/>\n<a href=\"#\"><img decoding=\"async\" src=\"https:\/\/thelanguagegrid.com\/wp-content\/uploads\/2025\/07\/rete-gas.png\" alt=\"Rete gas\" \/><\/a><br \/>\n<a href=\"#\"><img decoding=\"async\" src=\"https:\/\/thelanguagegrid.com\/wp-content\/uploads\/2025\/07\/Studio_Fieschi.png\" alt=\"Studio Fieschi &amp; soci\" \/><\/a><br \/>\n<a href=\"#\"><img decoding=\"async\" src=\"https:\/\/thelanguagegrid.com\/wp-content\/uploads\/2025\/07\/tricol.png\" alt=\"TCA\" \/><\/a><br \/>\n<a href=\"#\"><img decoding=\"async\" src=\"https:\/\/thelanguagegrid.com\/wp-content\/uploads\/2025\/07\/unicredit.png\" alt=\"Unicredit\" \/><\/a><br \/>\n<!-- loop --><br \/>\n<a href=\"#\"><img decoding=\"async\" src=\"https:\/\/thelanguagegrid.com\/wp-content\/uploads\/2025\/07\/a2a.png\" alt=\"a2a\" \/><\/a><br \/>\n<a href=\"#\"><img decoding=\"async\" src=\"https:\/\/thelanguagegrid.com\/wp-content\/uploads\/2025\/07\/kpmg.png\" alt=\"KPMG\" \/><\/a><br \/>\n<a href=\"#\"><img decoding=\"async\" src=\"https:\/\/thelanguagegrid.com\/wp-content\/uploads\/2025\/07\/deloitte.png\" alt=\"DELOITTE\" \/><\/a><br \/>\n<a href=\"#\"><img decoding=\"async\" src=\"https:\/\/thelanguagegrid.com\/wp-content\/uploads\/2025\/07\/arec.png\" alt=\"Arec\" \/><\/a><br \/>\n<a href=\"#\"><img decoding=\"async\" src=\"https:\/\/thelanguagegrid.com\/wp-content\/uploads\/2025\/07\/nebulab.png\" alt=\"Nebulab\" \/><\/a><br \/>\n<a href=\"#\"><img decoding=\"async\" src=\"https:\/\/thelanguagegrid.com\/wp-content\/uploads\/2025\/07\/generali.png\" alt=\"Generali\" \/><\/a><br \/>\n<a href=\"#\"><img decoding=\"async\" src=\"https:\/\/thelanguagegrid.com\/wp-content\/uploads\/2025\/07\/GFT.png\" alt=\"GFT\" \/><\/a><br \/>\n<a href=\"#\"><img decoding=\"async\" src=\"https:\/\/thelanguagegrid.com\/wp-content\/uploads\/2025\/07\/Ideatech.png\" alt=\"Ideatech\" \/><\/a><br \/>\n<a href=\"#\"><img decoding=\"async\" src=\"https:\/\/thelanguagegrid.com\/wp-content\/uploads\/2025\/07\/ICento.png\" alt=\"ICento\" \/><\/a><br \/>\n<a href=\"#\"><img decoding=\"async\" src=\"https:\/\/thelanguagegrid.com\/wp-content\/uploads\/2025\/07\/JOBCODE.png\" alt=\"Jobcode\" \/><\/a><br \/>\n<a href=\"#\"><img decoding=\"async\" src=\"https:\/\/thelanguagegrid.com\/wp-content\/uploads\/2025\/07\/banca-ifis.png\" alt=\"Banca Ifis\" \/><\/a><br \/>\n<a href=\"#\"><img decoding=\"async\" src=\"https:\/\/thelanguagegrid.com\/wp-content\/uploads\/2025\/07\/arche.png\" alt=\"Arch\u00e8\" \/><\/a><br \/>\n<a href=\"#\"><img decoding=\"async\" src=\"https:\/\/thelanguagegrid.com\/wp-content\/uploads\/2025\/07\/cale.png\" alt=\"Cal\u00e8\" \/><\/a><br \/>\n<a href=\"#\"><img decoding=\"async\" src=\"https:\/\/thelanguagegrid.com\/wp-content\/uploads\/2025\/07\/f2isgr.png\" alt=\"Fondi italiani per le infrastrutture\" \/><\/a><br \/>\n<a href=\"#\"><img decoding=\"async\" src=\"https:\/\/thelanguagegrid.com\/wp-content\/uploads\/2025\/07\/Ferrovie_dello_Stato_Italiane.png\" alt=\"Ferrovie dello Stato Italiane\" \/><\/a><br \/>\n<a href=\"#\"><img decoding=\"async\" src=\"https:\/\/thelanguagegrid.com\/wp-content\/uploads\/2025\/07\/illimity.png\" alt=\"Illimity\" \/><\/a><br \/>\n<a href=\"#\"><img decoding=\"async\" src=\"https:\/\/thelanguagegrid.com\/wp-content\/uploads\/2025\/07\/systematica.png\" alt=\"Systematica\" \/><\/a><br \/>\n<a href=\"#\"><img decoding=\"async\" src=\"https:\/\/thelanguagegrid.com\/wp-content\/uploads\/2025\/07\/Agos.png\" alt=\"Agos\" \/><\/a><br \/>\n<a href=\"#\"><img decoding=\"async\" src=\"https:\/\/thelanguagegrid.com\/wp-content\/uploads\/2025\/07\/Milan_Airports.png\" alt=\"Milan Airports\" \/><\/a><br \/>\n<a href=\"#\"><img decoding=\"async\" src=\"https:\/\/thelanguagegrid.com\/wp-content\/uploads\/2025\/07\/NEOPERL.png\" alt=\"Neoperl\" \/><\/a><br \/>\n<a href=\"#\"><img decoding=\"async\" src=\"https:\/\/thelanguagegrid.com\/wp-content\/uploads\/2025\/07\/rete-gas.png\" alt=\"Rete gas\" \/><\/a><br \/>\n<a href=\"#\"><img decoding=\"async\" src=\"https:\/\/thelanguagegrid.com\/wp-content\/uploads\/2025\/07\/Studio_Fieschi.png\" alt=\"Studio Fieschi &amp; soci\" \/><\/a><br \/>\n<a href=\"#\"><img decoding=\"async\" src=\"https:\/\/thelanguagegrid.com\/wp-content\/uploads\/2025\/07\/tricol.png\" alt=\"TCA\" \/><\/a><br \/>\n<a href=\"#\"><img decoding=\"async\" src=\"https:\/\/thelanguagegrid.com\/wp-content\/uploads\/2025\/07\/unicredit.png\" alt=\"Unicredit\" \/><\/a><\/div>\n<\/div>\n<p>[\/vc_column_text][\/vc_column][\/vc_row][\/vc_section][vc_section][vc_row][vc_column][vc_custom_heading text=&#8221;I segreti del successo&#8221;][vc_column_text css=&#8221;&#8221;]<\/p>\n<p style=\"font-weight: 400;\">Ricevi suggerimenti pratici, consigli dai nostri esperti e vere strategie che ti aiuteranno a comunicare in inglese con maggiore sicurezza.<\/p>\n<p>[\/vc_column_text][vc_column_text css=&#8221;&#8221;][ultimi_articoli_card][\/vc_column_text][\/vc_column][\/vc_row][\/vc_section][vc_row][vc_column][tlg_cta title=&#8221;Sei pronto a trasformare l\u2019inglese in un asset per la tua azienda?&#8221; background_img=&#8221;149&#8243; button_text=&#8221;Prenota una call&#8221;][\/vc_column][\/vc_row]<\/p>\n","protected":false},"excerpt":{"rendered":"<p>\u201cNegli anni ho seguito molti corsi di business English, ma solo con TLG ho centrato i miei obiettivi&#8221;, afferma un avvocato. E tu cosa aspetti? Ottieni risultati anche tu.<\/p>\n","protected":false},"author":5,"featured_media":1815,"parent":0,"menu_order":0,"comment_status":"closed","ping_status":"closed","template":"","meta":{"footnotes":""},"class_list":["post-2296","page","type-page","status-publish","has-post-thumbnail","hentry"],"_links":{"self":[{"href":"https:\/\/thelanguagegrid.com\/it\/wp-json\/wp\/v2\/pages\/2296","targetHints":{"allow":["GET"]}}],"collection":[{"href":"https:\/\/thelanguagegrid.com\/it\/wp-json\/wp\/v2\/pages"}],"about":[{"href":"https:\/\/thelanguagegrid.com\/it\/wp-json\/wp\/v2\/types\/page"}],"author":[{"embeddable":true,"href":"https:\/\/thelanguagegrid.com\/it\/wp-json\/wp\/v2\/users\/5"}],"replies":[{"embeddable":true,"href":"https:\/\/thelanguagegrid.com\/it\/wp-json\/wp\/v2\/comments?post=2296"}],"version-history":[{"count":3,"href":"https:\/\/thelanguagegrid.com\/it\/wp-json\/wp\/v2\/pages\/2296\/revisions"}],"predecessor-version":[{"id":2300,"href":"https:\/\/thelanguagegrid.com\/it\/wp-json\/wp\/v2\/pages\/2296\/revisions\/2300"}],"wp:featuredmedia":[{"embeddable":true,"href":"https:\/\/thelanguagegrid.com\/it\/wp-json\/wp\/v2\/media\/1815"}],"wp:attachment":[{"href":"https:\/\/thelanguagegrid.com\/it\/wp-json\/wp\/v2\/media?parent=2296"}],"curies":[{"name":"wp","href":"https:\/\/api.w.org\/{rel}","templated":true}]}}