{"id":55,"date":"2022-07-13T00:53:14","date_gmt":"2022-07-12T22:53:14","guid":{"rendered":"https:\/\/thelanguagegrid.com\/?page_id=55"},"modified":"2026-02-22T19:48:56","modified_gmt":"2026-02-22T18:48:56","slug":"about","status":"publish","type":"page","link":"https:\/\/thelanguagegrid.com\/it\/about\/","title":{"rendered":"CHI SIAMO"},"content":{"rendered":"<p>[vc_row][vc_column][tlg_page_card title=&#8221;Al tuo fianco per aiutarti a comunicare con sicurezza e impatto&#8221; img=&#8221;933&#8243;]<\/p>\n<p style=\"font-weight: 400;\"><strong>\u201cCi sono due tipi di scuole d&#8217;inglese: quelle che fanno i corsi di lingua e quelle che ti fanno imparare davvero. TLG \u00e8 una delle poche che appartiene della seconda categoria.\u201d \u00a0<\/strong>Le parole di un Team Leader di una societ\u00e0 di consulenza.<\/p>\n<p style=\"font-weight: 400;\">Ma perch\u00e9 abbiamo cos\u00ec tanto successo?<\/p>\n<p style=\"font-weight: 400;\">Non puntiamo a &#8220;migliorare il tuo inglese&#8221;, ma ci concentriamo su quegli ambiti che servono per essere comunicatori assertivi ed efficaci. Occorre fare trattative con un madrelingua inglese?\u00a0 Conference call in inglese? O esporre una presentazione? Approfondiamo i veri obiettivi professionali e strutturiamo un programma specializzato di formazione per raggiungerli.<\/p>\n<p style=\"font-weight: 400;\">Vi forniamo le competenze e la sicurezza per chiudere contratti, fare una buona impressione con clienti e colleghi e ampliare le opportunit\u00e0 di business, (E\u2026 presto non vedrete l&#8217;ora di usare nuovamente l&#8217;inglese!)<\/p>\n<p>[\/tlg_page_card][\/vc_column][\/vc_row][vc_section][vc_row][vc_column width=&#8221;2\/3&#8243;][vc_custom_heading text=&#8221;Perch\u00e8 TLG&#8221;][\/vc_column][vc_column width=&#8221;1\/3&#8243;][\/vc_column][\/vc_row][vc_row][vc_column width=&#8221;1\/3&#8243;][vc_custom_heading text=&#8221;Metodo scientifico, risultati garantiti&#8221; font_container=&#8221;tag:h1|font_size:24|text_align:center&#8221;][vc_column_text css=&#8221;&#8221;]<\/p>\n<div><span lang=\"IT\">Il nostro metodo proprietario <\/span><span lang=\"IT\">Reflex Learning\u2122 <\/span><span lang=\"IT\">contribuisce a spostare l&#8217;inglese dall&#8217;emisfero analitico del cervello a quello istintivo. Cos\u00ec, non servir\u00e0 pi\u00f9 pensare a lungo prima di parlare.<\/span><\/div>\n<p>[\/vc_column_text][\/vc_column][vc_column width=&#8221;1\/3&#8243;][vc_custom_heading text=&#8221;Meno grammatica, pi\u00f9 assertivit\u00e0&#8221; font_container=&#8221;tag:h1|font_size:24|text_align:center&#8221;][vc_column_text css=&#8221;&#8221;]<\/p>\n<div><span lang=\"IT\">La grammatica&#8230; tutti la conoscono. Serve un aiuto per usarla con sicurezza in un contesto business. Copriamo la distanza che separa l&#8217;apprendimento dall&#8217;uso pratico dell&#8217;inglese, aiutandovi a costruire le competenze per comunicare in modo efficace. <\/span><\/div>\n<p>[\/vc_column_text][\/vc_column][vc_column width=&#8221;1\/3&#8243;][vc_custom_heading text=&#8221;Lezioni 1:1 con coach esperti&#8221; font_container=&#8221;tag:h1|font_size:24|text_align:center&#8221;][vc_column_text css=&#8221;&#8221;]<\/p>\n<div><span lang=\"IT\">I nostri coach madrelingua inglese uniscono formazione universitaria e esperienza in posizioni di senior leadership. Le nostre sessioni sono un&#8217;interazione peer-to-peer, con persone che capiscono il business. <\/span><\/div>\n<p>[\/vc_column_text][\/vc_column][\/vc_row][vc_row][vc_column width=&#8221;1\/2&#8243;][vc_custom_heading text=&#8221;Tempi flessibili, impegno massimo&#8221; font_container=&#8221;tag:h1|font_size:24|text_align:center&#8221;][vc_column_text css=&#8221;&#8221;]<\/p>\n<div><span lang=\"IT\">Con la maggior parte delle scuole di inglese, si perde circa il 25% dell&#8217;investimento perch\u00e9 i conflitti d\u2019orario portano a cancellare lezioni. Noi <\/span><\/div>\n<div><span lang=\"IT\">vi aiutiamo a mantenere la costanza, anche grazie al nostro servizio concierge per spostare agevolmente le lezioni senza penali. <\/span><\/div>\n<p>[\/vc_column_text][\/vc_column][vc_column width=&#8221;1\/2&#8243;][vc_custom_heading text=&#8221;Gestione facile&#8221; font_container=&#8221;tag:h1|font_size:24|text_align:center&#8221;][vc_column_text css=&#8221;&#8221;]<\/p>\n<div><span lang=\"IT\">Il <\/span><span lang=\"IT\">nostro servizio concierge gestisce gli appuntamenti, la pianificazione, il lato amministrativo e volendo pu\u00f2 lavorare direttamente con le assistenti dei dirigenti. Cos\u00ec si ottimizzano le agende al meglio. <\/span><\/div>\n<p>[\/vc_column_text][\/vc_column][\/vc_row][\/vc_section][vc_section][vc_row][vc_column][vc_custom_heading text=&#8221;Coach che capiscono il business&#8221;][vc_column_text css=&#8221;&#8221;]<\/p>\n<p style=\"font-weight: 400;\"><strong>I nostri coach sono madrelingua inglese con una grande variet\u00e0 di background internazionali. E non sono solo esperti qualificati per insegnare la lingua. Sono anche professionisti del mondo business con esperienza di lunga data in settori quali finanza, assicurazione e bancario.<\/strong><\/p>\n<p style=\"font-weight: 400;\">I nostri coach, accuratamente selezionati, provengono da diversi paesi anglofoni. Questo significa che si creano rapporti di fiducia duraturi con gli stessi esperti, lavorando 1:1 o in sessioni con diversi trainer, per offrire scenari realistici e una reale esposizione alle differenze culturali. I coach seguono il nostro metodo proprietario Reflex Learning\u2122 e frequentano costantemente corsi di sviluppo professionale, per garantire accesso alle ultime novit\u00e0 e tecnologie.<\/p>\n<p>[\/vc_column_text][tlg_team_gallery][\/vc_column][\/vc_row][vc_row][vc_column][vc_custom_heading text=&#8221;Eccellenza riconosciuta, qualit\u00e0 garantita&#8221;][vc_single_image image=&#8221;1693&#8243; img_size=&#8221;full&#8221; onclick=&#8221;custom_link&#8221; img_link_target=&#8221;_blank&#8221; css=&#8221;&#8221; link=&#8221;https:\/\/thelanguagegrid.com\/it\/certificati\/&#8221;][\/vc_column][\/vc_row][\/vc_section][vc_row][vc_column][tlg_cta cta_type=&#8221;application&#8221; title=&#8221;Sei pronto a trasformare l&#8217;Inglese in un asset per la tua azienda?&#8221; background_img=&#8221;149&#8243; button_text=&#8221;Prenota una call&#8221;][\/vc_column][\/vc_row]<\/p>\n","protected":false},"excerpt":{"rendered":"<p>Dal 2010, siamo al fianco di migliaia di dirigenti e imprenditori per aiutarli ad andare oltre la lingua inglese e diventare comunicatori efficaci. <\/p>\n","protected":false},"author":5,"featured_media":145,"parent":0,"menu_order":0,"comment_status":"closed","ping_status":"closed","template":"si-template-about-it.php","meta":{"footnotes":""},"class_list":["post-55","page","type-page","status-publish","has-post-thumbnail","hentry"],"_links":{"self":[{"href":"https:\/\/thelanguagegrid.com\/it\/wp-json\/wp\/v2\/pages\/55","targetHints":{"allow":["GET"]}}],"collection":[{"href":"https:\/\/thelanguagegrid.com\/it\/wp-json\/wp\/v2\/pages"}],"about":[{"href":"https:\/\/thelanguagegrid.com\/it\/wp-json\/wp\/v2\/types\/page"}],"author":[{"embeddable":true,"href":"https:\/\/thelanguagegrid.com\/it\/wp-json\/wp\/v2\/users\/5"}],"replies":[{"embeddable":true,"href":"https:\/\/thelanguagegrid.com\/it\/wp-json\/wp\/v2\/comments?post=55"}],"version-history":[{"count":26,"href":"https:\/\/thelanguagegrid.com\/it\/wp-json\/wp\/v2\/pages\/55\/revisions"}],"predecessor-version":[{"id":2739,"href":"https:\/\/thelanguagegrid.com\/it\/wp-json\/wp\/v2\/pages\/55\/revisions\/2739"}],"wp:featuredmedia":[{"embeddable":true,"href":"https:\/\/thelanguagegrid.com\/it\/wp-json\/wp\/v2\/media\/145"}],"wp:attachment":[{"href":"https:\/\/thelanguagegrid.com\/it\/wp-json\/wp\/v2\/media?parent=55"}],"curies":[{"name":"wp","href":"https:\/\/api.w.org\/{rel}","templated":true}]}}