{"id":61,"date":"2022-07-13T00:53:42","date_gmt":"2022-07-12T22:53:42","guid":{"rendered":"https:\/\/thelanguagegrid.com\/?page_id=61"},"modified":"2026-02-22T19:48:43","modified_gmt":"2026-02-22T18:48:43","slug":"certifications-and-awards","status":"publish","type":"page","link":"https:\/\/thelanguagegrid.com\/it\/certifications-and-awards\/","title":{"rendered":"CERTIFICAZIONE E ACCREDITAMENTI"},"content":{"rendered":"<p>[vc_section][vc_row][vc_column][vc_custom_heading text=&#8221;Certificazioni e Accreditamenti&#8221; font_container=&#8221;tag:h3|text_align:center&#8221;][\/vc_column][\/vc_row][vc_row][vc_column width=&#8221;1\/2&#8243;][vc_single_image image=&#8221;1274&#8243; img_size=&#8221;medium&#8221; alignment=&#8221;center&#8221; onclick=&#8221;custom_link&#8221; img_link_target=&#8221;_blank&#8221; css=&#8221;&#8221; link=&#8221;https:\/\/www.bureauveritas.it\/&#8221;][\/vc_column][vc_column width=&#8221;1\/2&#8243;][vc_column_text]<\/p>\n<h1><\/h1>\n<p>La nostra certificazione ISO 9001 mostra la nostra dedizione incrollabile alla gestione della qualit\u00e0. Garantiamo una consegna costante, poniamo la soddisfazione del cliente come priorit\u00e0 e favoriamo il miglioramento continuo, potenziando la nostra credibilit\u00e0 globale, competitivit\u00e0 e la fiducia degli stakeholder.<\/p>\n<p><a href=\"https:\/\/thelanguagegrid.com\/wp-content\/uploads\/2024\/04\/1686648784225.pdf\" target=\"_blank\" rel=\"noopener\">Certificato<\/a>[\/vc_column_text][\/vc_column][\/vc_row][vc_row][vc_column width=&#8221;1\/2&#8243;][vc_single_image image=&#8221;497&#8243; img_size=&#8221;&#8221; alignment=&#8221;center&#8221; onclick=&#8221;custom_link&#8221; img_link_target=&#8221;_blank&#8221; css=&#8221;&#8221; link=&#8221;https:\/\/www.eaquals.org\/our-members\/accredited-members\/&#8221;][\/vc_column][vc_column width=&#8221;1\/2&#8243;][vc_column_text css=&#8221;&#8221;]<\/p>\n<h2><\/h2>\n<p>&nbsp;<\/p>\n<p>&nbsp;<\/p>\n<p>L&#8217;accreditamento Eaquals, riconosciuto come l&#8217;associazione professionale di spicco per l&#8217;istruzione linguistica a livello mondiale, rappresenta l&#8217;apice del riconoscimento per i centri linguistici, simboleggiando un prestigioso marchio di distinzione. Per ottenere questo accreditamento, TLG si \u00e8 preparato diligentemente e ha affrontato un&#8217;approfondita valutazione di 5 giorni da parte di Eaquals nel luglio 2023.[\/vc_column_text][\/vc_column][\/vc_row][vc_row][vc_column width=&#8221;1\/2&#8243;][vc_single_image image=&#8221;1700&#8243; img_size=&#8221;medium&#8221; alignment=&#8221;center&#8221; onclick=&#8221;custom_link&#8221; img_link_target=&#8221;_blank&#8221; css=&#8221;&#8221; link=&#8221;https:\/\/www.theteflacademy.com\/eu\/&#8221;][\/vc_column][vc_column width=&#8221;1\/2&#8243;][vc_column_text css=&#8221;&#8221;]<\/p>\n<p class=\"p1\">L&#8217; accreditamento da parte della Regione Lombardia riflette il nostro costante impegno nel fornire un\u2019istruzione e una formazione professionale di alta qualit\u00e0. Questo riconoscimento attesta il rispetto di rigorosi standard regionali, la trasparenza gestionale e l\u2019eccellenza delle nostre strutture, del personale e dei risultati formativi. Ci consente di accedere a finanziamenti pubblici, rafforza la fiducia di studenti e partner e ci qualifica come ente affidabile e certificato all\u2019interno del sistema educativo regionale.<\/p>\n<p>[\/vc_column_text][\/vc_column][\/vc_row][vc_row][vc_column width=&#8221;1\/2&#8243;][vc_single_image image=&#8221;494&#8243; img_size=&#8221;medium&#8221; alignment=&#8221;center&#8221; onclick=&#8221;custom_link&#8221; img_link_target=&#8221;_blank&#8221; css=&#8221;&#8221; link=&#8221;https:\/\/www.theteflacademy.com\/eu\/&#8221;][\/vc_column][vc_column width=&#8221;1\/2&#8243;][vc_column_text css=&#8221;&#8221;]<\/p>\n<p>&nbsp;<\/p>\n<p>Il nostro accreditamento presso l&#8217;Accademia TEFL sottolinea il nostro impegno nel fornire corsi di alta qualit\u00e0 per l&#8217;insegnamento dell&#8217;inglese come lingua straniera (TEFL), garantendo agli studenti un&#8217;esperienza educativa autorevole e preziosa.[\/vc_column_text][\/vc_column][\/vc_row][vc_row][vc_column][vc_custom_heading text=&#8221;Premi e Riconoscimenti&#8221; font_container=&#8221;tag:h3|text_align:center&#8221;][\/vc_column][\/vc_row][vc_row][vc_column width=&#8221;1\/2&#8243;][vc_single_image image=&#8221;487&#8243; img_size=&#8221;medium&#8221; alignment=&#8221;center&#8221; onclick=&#8221;custom_link&#8221; img_link_target=&#8221;_blank&#8221; css=&#8221;&#8221; link=&#8221;https:\/\/www.greatplacetowork.it\/scheda_azienda\/the-language-grid\/&#8221;][\/vc_column][vc_column width=&#8221;1\/2&#8243;][vc_column_text]<\/p>\n<h2><\/h2>\n<p>&nbsp;<\/p>\n<p>Il premio &#8220;Great Place to Work&#8221; riconosce le aziende con culture aziendali eccezionali, mettendo in risalto la fiducia, l&#8217;impegno e la soddisfazione dei dipendenti. Le organizzazioni affrontano valutazioni e sondaggi per qualificarsi, e il premio sottolinea il loro impegno nel favorire ambienti di lavoro positivi, attirare talenti e promuovere una forte cultura aziendale.<\/p>\n<p>Nel 2021, primo anno della partecipazione di TLG, l&#8217;azienda ha raggiunto la 13\u00aa posizione nella classifica dei Migliori Posti di Lavoro in Italia, e nel 2022 ha migliorato questo risultato posizionandosi al 12\u00ba posto.[\/vc_column_text][\/vc_column][\/vc_row][vc_row][vc_column width=&#8221;1\/2&#8243;][vc_single_image image=&#8221;1176&#8243; img_size=&#8221;&#8221; alignment=&#8221;center&#8221; onclick=&#8221;custom_link&#8221; img_link_target=&#8221;_blank&#8221; css=&#8221;&#8221; link=&#8221;https:\/\/worlddidacaward.org\/&#8221;][\/vc_column][vc_column width=&#8221;1\/2&#8243;][vc_column_text]Il prestigioso Worlddidac Award, conferito ogni due anni, \u00e8 un riconoscimento indipendente per l&#8217;innovazione, la qualit\u00e0 e l&#8217;applicazione pratica dei materiali didattici. \u00c8 il massimo onore nell&#8217;industria dell&#8217;istruzione a livello mondiale, conferito dalla Fondazione Worlddidac e dall&#8217;Associazione Worlddidac. Il panel internazionale di esperti esamina i prodotti presentati per la loro innovazione, design, sostenibilit\u00e0 e, soprattutto, idoneit\u00e0 ed efficacia in diverse categorie. Questo riconoscimento viene conferito a creatori, sviluppatori e produttori per la loro creativit\u00e0 e continua innovazione. Nel 2023, la piattaforma &#8216;Myspace&#8217; di TLG \u00e8 stata riconosciuta a livello internazionale per il suo efficace approccio formativo.[\/vc_column_text][\/vc_column][\/vc_row][vc_row][vc_column width=&#8221;1\/2&#8243;][vc_single_image image=&#8221;1178&#8243; img_size=&#8221;&#8221; alignment=&#8221;center&#8221; onclick=&#8221;custom_link&#8221; img_link_target=&#8221;_blank&#8221; css=&#8221;&#8221; link=&#8221;https:\/\/excellenceawards.brandonhall.com\/&#8221;][\/vc_column][vc_column width=&#8221;1\/2&#8243;][vc_column_text]I premi Brandon Hall Group Excellence Awards\u2122 vengono assegnati per il lavoro svolto nell&#8217;Apprendimento e Sviluppo, Gestione del Talento, Acquisizione del Talento, Risorse Umane, Abilitazione alle Vendite, Futuro del Lavoro e Tecnologia dell&#8217;Istruzione.<\/p>\n<p>The Language Grid, un leader nell&#8217;innovativo settore dell&#8217;Efficient Business English Language Education, ha vinto nel 2023 un ambito premio Bronze del Brandon Hall Group nella categoria Best E-learning, Blended, Flipped Classroom Solution o Remote Solution per la loro piattaforma di formazione.[\/vc_column_text][\/vc_column][\/vc_row][\/vc_section]<\/p>\n","protected":false},"excerpt":{"rendered":"<p>[vc_section][vc_row][vc_column][vc_custom_heading text=&#8221;Certificazioni e Accreditamenti&#8221; font_container=&#8221;tag:h3|text_align:center&#8221;][\/vc_column][\/vc_row][vc_row][vc_column width=&#8221;1\/2&#8243;][vc_single_image image=&#8221;1274&#8243; img_size=&#8221;medium&#8221; alignment=&#8221;center&#8221; onclick=&#8221;custom_link&#8221; img_link_target=&#8221;_blank&#8221; css=&#8221;&#8221; link=&#8221;https:\/\/www.bureauveritas.it\/&#8221;][\/vc_column][vc_column width=&#8221;1\/2&#8243;][vc_column_text] La nostra certificazione ISO 9001 mostra la nostra dedizione incrollabile alla gestione della qualit\u00e0. Garantiamo una consegna costante, poniamo la soddisfazione del cliente come priorit\u00e0 e favoriamo il miglioramento continuo, potenziando la nostra credibilit\u00e0 globale, competitivit\u00e0 e la fiducia degli stakeholder. [&hellip;]<\/p>\n","protected":false},"author":5,"featured_media":157,"parent":0,"menu_order":0,"comment_status":"closed","ping_status":"closed","template":"si-template-certifications-and-awards-it.php","meta":{"footnotes":""},"class_list":["post-61","page","type-page","status-publish","has-post-thumbnail","hentry"],"_links":{"self":[{"href":"https:\/\/thelanguagegrid.com\/it\/wp-json\/wp\/v2\/pages\/61","targetHints":{"allow":["GET"]}}],"collection":[{"href":"https:\/\/thelanguagegrid.com\/it\/wp-json\/wp\/v2\/pages"}],"about":[{"href":"https:\/\/thelanguagegrid.com\/it\/wp-json\/wp\/v2\/types\/page"}],"author":[{"embeddable":true,"href":"https:\/\/thelanguagegrid.com\/it\/wp-json\/wp\/v2\/users\/5"}],"replies":[{"embeddable":true,"href":"https:\/\/thelanguagegrid.com\/it\/wp-json\/wp\/v2\/comments?post=61"}],"version-history":[{"count":14,"href":"https:\/\/thelanguagegrid.com\/it\/wp-json\/wp\/v2\/pages\/61\/revisions"}],"predecessor-version":[{"id":2747,"href":"https:\/\/thelanguagegrid.com\/it\/wp-json\/wp\/v2\/pages\/61\/revisions\/2747"}],"wp:featuredmedia":[{"embeddable":true,"href":"https:\/\/thelanguagegrid.com\/it\/wp-json\/wp\/v2\/media\/157"}],"wp:attachment":[{"href":"https:\/\/thelanguagegrid.com\/it\/wp-json\/wp\/v2\/media?parent=61"}],"curies":[{"name":"wp","href":"https:\/\/api.w.org\/{rel}","templated":true}]}}